{"id":283,"date":"2021-12-09T11:20:55","date_gmt":"2021-12-09T15:20:55","guid":{"rendered":"https:\/\/www.scsteel.com\/hogar\/"},"modified":"2021-12-09T11:21:05","modified_gmt":"2021-12-09T15:21:05","slug":"hogar","status":"publish","type":"page","link":"https:\/\/www.scsteel.com\/es\/","title":{"rendered":"Hogar"},"content":{"rendered":"[vc_row type=\u00bbfull_width_background\u00bb full_screen_row_position=\u00bbmiddle\u00bb scene_position=\u00bbcenter\u00bb video_bg=\u00bbuse_video\u00bb enable_video_color_overlay=\u00bbtrue\u00bb video_overlay_color=\u00bbrgba(0,0,0,0.79)\u00bb video_webm=\u00bbhttps:\/\/www.scsteel.com\/wp-content\/uploads\/2020\/07\/scsteel-preview_1.webm\u00bb video_mp4=\u00bbhttps:\/\/www.scsteel.com\/wp-content\/uploads\/2020\/07\/scsteel-preview_1.mp4&#8243; video_image=\u00bb158&#8243; text_color=\u00bblight\u00bb text_align=\u00bbleft\u00bb class=\u00bbhomevideoplayer\u00bb overlay_strength=\u00bb0.3&#8243; shape_divider_position=\u00bbbottom\u00bb shape_type=\u00bb\u00bb][vc_column column_padding=\u00bbno-extra-padding\u00bb column_padding_position=\u00bball\u00bb background_color_opacity=\u00bb1&#8243; background_hover_color_opacity=\u00bb1&#8243; column_shadow=\u00bbnone\u00bb column_border_radius=\u00bbnone\u00bb width=\u00bb1\/1&#8243; tablet_text_alignment=\u00bbdefault\u00bb phone_text_alignment=\u00bbdefault\u00bb column_border_width=\u00bbnone\u00bb column_border_style=\u00bbsolid\u00bb][vc_column_text el_class=\u00bbbuilton\u00bb]\n<h3 style=\"text-align: center;\">CONSTRUIDA SOBRE<\/h3>\n<h1 style=\"text-align: center;\">INTEGRIDAD. EXCELENCIA.<br \/>\nEL RESPETO.<\/h1>\n[\/vc_column_text][nectar_btn size=\u00bblarge\u00bb button_style=\u00bbregular\u00bb button_color_2=\u00bbAccent-Color\u00bb icon_family=\u00bbfontawesome\u00bb el_class=\u00bbcenterbutton\u00bb url=\u00bb#mirar\u00bb text=\u00bbVER EL V\u00cdDEO\u00bb margin_top=\u00bb40&#8243; icon_fontawesome=\u00bbfa fa-play\u00bb][\/vc_column][\/vc_row][vc_row type=\u00bbin_container\u00bb full_screen_row_position=\u00bbmiddle\u00bb scene_position=\u00bbcenter\u00bb text_color=\u00bbdark\u00bb text_align=\u00bbleft\u00bb class=\u00bbhomeintro\u00bb overlay_strength=\u00bb0.3&#8243; shape_divider_position=\u00bbbottom\u00bb shape_type=\u00bb\u00bb][vc_column column_padding=\u00bbno-extra-padding\u00bb column_padding_position=\u00bball\u00bb background_color_opacity=\u00bb1&#8243; background_hover_color_opacity=\u00bb1&#8243; column_shadow=\u00bbnone\u00bb column_border_radius=\u00bbnone\u00bb width=\u00bb1\/1&#8243; tablet_text_alignment=\u00bbdefault\u00bb phone_text_alignment=\u00bbdefault\u00bb column_border_width=\u00bbnone\u00bb column_border_style=\u00bbsolid\u00bb][vc_column_text css=\u00bb.vc_custom_1595961899087{margin-top: 50px !important;}\u00bb]Durante d\u00e9cadas, nuestro equipo en SC Steel ha estado fabricando acero estructural para cientos de clientes en todo el pa\u00eds. Descubrir\u00e1 que somos un grupo diverso que hace el trabajo a tiempo y dentro del presupuesto. Nos aseguramos de que, en todo, nos mantengamos comprometidos con nuestros valores de integridad, excelencia y respeto. Hacemos esto para poder cumplir siempre nuestra \u00fanica promesa a cada cliente, que es \u00abHacemos lo que decimos que haremos\u00bb. Comun\u00edquese con nosotros para obtener m\u00e1s informaci\u00f3n sobre c\u00f3mo podemos satisfacer sus necesidades de dise\u00f1o y fabricaci\u00f3n de acero.[\/vc_column_text][divider line_type=\u00bbNo Line\u00bb custom_height=\u00bb40&#8243;][nectar_btn size=\u00bbmedium\u00bb button_style=\u00bbregular\u00bb button_color_2=\u00bbAccent-Color\u00bb icon_family=\u00bbnone\u00bb el_class=\u00bbcenterbutton\u00bb url=\u00bb\/contacto\/\u00bb text=\u00bbCont\u00e1ctenos\u00bb][divider line_type=\u00bbNo Line\u00bb custom_height=\u00bb40&#8243;][vc_column_text el_id=\u00bbwatch\u00bb]\n<h3 id=\"watch\" style=\"text-align: center;\"><span style=\"color: #004c97;\">VER EL V\u00cdDEO<\/span><\/h3>\n[\/vc_column_text][divider line_type=\u00bbNo Line\u00bb custom_height=\u00bb20&#8243;][\/vc_column][\/vc_row]\n","protected":false},"excerpt":{"rendered":"<p>[vc_row type=\u00bbfull_width_background\u00bb full_screen_row_position=\u00bbmiddle\u00bb scene_position=\u00bbcenter\u00bb video_bg=\u00bbuse_video\u00bb enable_video_color_overlay=\u00bbtrue\u00bb video_overlay_color=\u00bbrgba(0,0,0,0.79)\u00bb video_webm=\u00bbhttps:\/\/www.scsteel.com\/wp-content\/uploads\/2020\/07\/scsteel-preview_1.webm\u00bb video_mp4=\u00bbhttps:\/\/www.scsteel.com\/wp-content\/uploads\/2020\/07\/scsteel-preview_1.mp4&#8243; video_image=\u00bb158&#8243; text_color=\u00bblight\u00bb text_align=\u00bbleft\u00bb class=\u00bbhomevideoplayer\u00bb overlay_strength=\u00bb0.3&#8243; shape_divider_position=\u00bbbottom\u00bb shape_type=\u00bb\u00bb][vc_column column_padding=\u00bbno-extra-padding\u00bb column_padding_position=\u00bball\u00bb background_color_opacity=\u00bb1&#8243; background_hover_color_opacity=\u00bb1&#8243; column_shadow=\u00bbnone\u00bb column_border_radius=\u00bbnone\u00bb width=\u00bb1\/1&#8243; tablet_text_alignment=\u00bbdefault\u00bb phone_text_alignment=\u00bbdefault\u00bb column_border_width=\u00bbnone\u00bb column_border_style=\u00bbsolid\u00bb][vc_column_text el_class=\u00bbbuilton\u00bb] CONSTRUIDA SOBRE&#8230;<\/p>\n","protected":false},"author":3,"featured_media":0,"parent":0,"menu_order":0,"comment_status":"closed","ping_status":"closed","template":"","meta":{"footnotes":""},"class_list":["post-283","page","type-page","status-publish"],"yoast_head":"<!-- This site is optimized with the Yoast SEO plugin v27.3 - https:\/\/yoast.com\/product\/yoast-seo-wordpress\/ -->\n<title>Hogar - SC Steel<\/title>\n<meta name=\"robots\" content=\"index, follow, max-snippet:-1, max-image-preview:large, max-video-preview:-1\" \/>\n<link rel=\"canonical\" href=\"https:\/\/www.scsteel.com\/\" \/>\n<meta property=\"og:locale\" content=\"es_ES\" \/>\n<meta property=\"og:type\" content=\"article\" \/>\n<meta property=\"og:title\" content=\"Hogar - SC Steel\" \/>\n<meta property=\"og:description\" content=\"[vc_row type=\u00bbfull_width_background\u00bb full_screen_row_position=\u00bbmiddle\u00bb scene_position=\u00bbcenter\u00bb video_bg=\u00bbuse_video\u00bb enable_video_color_overlay=\u00bbtrue\u00bb video_overlay_color=\u00bbrgba(0,0,0,0.79)\u00bb video_webm=\u00bbhttps:\/\/www.scsteel.com\/wp-content\/uploads\/2020\/07\/scsteel-preview_1.webm\u00bb video_mp4=\u00bbhttps:\/\/www.scsteel.com\/wp-content\/uploads\/2020\/07\/scsteel-preview_1.mp4&#8243; video_image=\u00bb158&#8243; text_color=\u00bblight\u00bb text_align=\u00bbleft\u00bb class=\u00bbhomevideoplayer\u00bb overlay_strength=\u00bb0.3&#8243; shape_divider_position=\u00bbbottom\u00bb shape_type=\u00bb\u00bb][vc_column column_padding=\u00bbno-extra-padding\u00bb column_padding_position=\u00bball\u00bb background_color_opacity=\u00bb1&#8243; background_hover_color_opacity=\u00bb1&#8243; column_shadow=\u00bbnone\u00bb column_border_radius=\u00bbnone\u00bb width=\u00bb1\/1&#8243; tablet_text_alignment=\u00bbdefault\u00bb phone_text_alignment=\u00bbdefault\u00bb column_border_width=\u00bbnone\u00bb column_border_style=\u00bbsolid\u00bb][vc_column_text el_class=\u00bbbuilton\u00bb] CONSTRUIDA SOBRE...\" \/>\n<meta property=\"og:url\" content=\"https:\/\/www.scsteel.com\/\" \/>\n<meta property=\"og:site_name\" content=\"SC Steel\" \/>\n<meta property=\"article:modified_time\" content=\"2021-12-09T15:21:05+00:00\" \/>\n<meta name=\"twitter:card\" content=\"summary_large_image\" \/>\n<meta name=\"twitter:label1\" content=\"Tiempo de lectura\" \/>\n\t<meta name=\"twitter:data1\" content=\"2 minutos\" \/>\n<script type=\"application\/ld+json\" class=\"yoast-schema-graph\">{\"@context\":\"https:\\\/\\\/schema.org\",\"@graph\":[{\"@type\":\"WebPage\",\"@id\":\"https:\\\/\\\/www.scsteel.com\\\/\",\"url\":\"https:\\\/\\\/www.scsteel.com\\\/\",\"name\":\"Hogar - SC Steel\",\"isPartOf\":{\"@id\":\"https:\\\/\\\/www.scsteel.com\\\/#website\"},\"datePublished\":\"2021-12-09T15:20:55+00:00\",\"dateModified\":\"2021-12-09T15:21:05+00:00\",\"breadcrumb\":{\"@id\":\"https:\\\/\\\/www.scsteel.com\\\/#breadcrumb\"},\"inLanguage\":\"es\",\"potentialAction\":[{\"@type\":\"ReadAction\",\"target\":[\"https:\\\/\\\/www.scsteel.com\\\/\"]}]},{\"@type\":\"BreadcrumbList\",\"@id\":\"https:\\\/\\\/www.scsteel.com\\\/#breadcrumb\",\"itemListElement\":[{\"@type\":\"ListItem\",\"position\":1,\"name\":\"Home\",\"item\":\"https:\\\/\\\/www.scsteel.com\\\/\"},{\"@type\":\"ListItem\",\"position\":2,\"name\":\"Hogar\"}]},{\"@type\":\"WebSite\",\"@id\":\"https:\\\/\\\/www.scsteel.com\\\/#website\",\"url\":\"https:\\\/\\\/www.scsteel.com\\\/\",\"name\":\"SC Steel\",\"description\":\"South Carolina Steel\",\"potentialAction\":[{\"@type\":\"SearchAction\",\"target\":{\"@type\":\"EntryPoint\",\"urlTemplate\":\"https:\\\/\\\/www.scsteel.com\\\/?s={search_term_string}\"},\"query-input\":{\"@type\":\"PropertyValueSpecification\",\"valueRequired\":true,\"valueName\":\"search_term_string\"}}],\"inLanguage\":\"es\"}]}<\/script>\n<!-- \/ Yoast SEO plugin. -->","yoast_head_json":{"title":"Hogar - SC Steel","robots":{"index":"index","follow":"follow","max-snippet":"max-snippet:-1","max-image-preview":"max-image-preview:large","max-video-preview":"max-video-preview:-1"},"canonical":"https:\/\/www.scsteel.com\/","og_locale":"es_ES","og_type":"article","og_title":"Hogar - SC Steel","og_description":"[vc_row type=\u00bbfull_width_background\u00bb full_screen_row_position=\u00bbmiddle\u00bb scene_position=\u00bbcenter\u00bb video_bg=\u00bbuse_video\u00bb enable_video_color_overlay=\u00bbtrue\u00bb video_overlay_color=\u00bbrgba(0,0,0,0.79)\u00bb video_webm=\u00bbhttps:\/\/www.scsteel.com\/wp-content\/uploads\/2020\/07\/scsteel-preview_1.webm\u00bb video_mp4=\u00bbhttps:\/\/www.scsteel.com\/wp-content\/uploads\/2020\/07\/scsteel-preview_1.mp4&#8243; video_image=\u00bb158&#8243; text_color=\u00bblight\u00bb text_align=\u00bbleft\u00bb class=\u00bbhomevideoplayer\u00bb overlay_strength=\u00bb0.3&#8243; shape_divider_position=\u00bbbottom\u00bb shape_type=\u00bb\u00bb][vc_column column_padding=\u00bbno-extra-padding\u00bb column_padding_position=\u00bball\u00bb background_color_opacity=\u00bb1&#8243; background_hover_color_opacity=\u00bb1&#8243; column_shadow=\u00bbnone\u00bb column_border_radius=\u00bbnone\u00bb width=\u00bb1\/1&#8243; tablet_text_alignment=\u00bbdefault\u00bb phone_text_alignment=\u00bbdefault\u00bb column_border_width=\u00bbnone\u00bb column_border_style=\u00bbsolid\u00bb][vc_column_text el_class=\u00bbbuilton\u00bb] CONSTRUIDA SOBRE...","og_url":"https:\/\/www.scsteel.com\/","og_site_name":"SC Steel","article_modified_time":"2021-12-09T15:21:05+00:00","twitter_card":"summary_large_image","twitter_misc":{"Tiempo de lectura":"2 minutos"},"schema":{"@context":"https:\/\/schema.org","@graph":[{"@type":"WebPage","@id":"https:\/\/www.scsteel.com\/","url":"https:\/\/www.scsteel.com\/","name":"Hogar - SC Steel","isPartOf":{"@id":"https:\/\/www.scsteel.com\/#website"},"datePublished":"2021-12-09T15:20:55+00:00","dateModified":"2021-12-09T15:21:05+00:00","breadcrumb":{"@id":"https:\/\/www.scsteel.com\/#breadcrumb"},"inLanguage":"es","potentialAction":[{"@type":"ReadAction","target":["https:\/\/www.scsteel.com\/"]}]},{"@type":"BreadcrumbList","@id":"https:\/\/www.scsteel.com\/#breadcrumb","itemListElement":[{"@type":"ListItem","position":1,"name":"Home","item":"https:\/\/www.scsteel.com\/"},{"@type":"ListItem","position":2,"name":"Hogar"}]},{"@type":"WebSite","@id":"https:\/\/www.scsteel.com\/#website","url":"https:\/\/www.scsteel.com\/","name":"SC Steel","description":"South Carolina Steel","potentialAction":[{"@type":"SearchAction","target":{"@type":"EntryPoint","urlTemplate":"https:\/\/www.scsteel.com\/?s={search_term_string}"},"query-input":{"@type":"PropertyValueSpecification","valueRequired":true,"valueName":"search_term_string"}}],"inLanguage":"es"}]}},"_links":{"self":[{"href":"https:\/\/www.scsteel.com\/es\/wp-json\/wp\/v2\/pages\/283","targetHints":{"allow":["GET"]}}],"collection":[{"href":"https:\/\/www.scsteel.com\/es\/wp-json\/wp\/v2\/pages"}],"about":[{"href":"https:\/\/www.scsteel.com\/es\/wp-json\/wp\/v2\/types\/page"}],"author":[{"embeddable":true,"href":"https:\/\/www.scsteel.com\/es\/wp-json\/wp\/v2\/users\/3"}],"replies":[{"embeddable":true,"href":"https:\/\/www.scsteel.com\/es\/wp-json\/wp\/v2\/comments?post=283"}],"version-history":[{"count":13,"href":"https:\/\/www.scsteel.com\/es\/wp-json\/wp\/v2\/pages\/283\/revisions"}],"predecessor-version":[{"id":328,"href":"https:\/\/www.scsteel.com\/es\/wp-json\/wp\/v2\/pages\/283\/revisions\/328"}],"wp:attachment":[{"href":"https:\/\/www.scsteel.com\/es\/wp-json\/wp\/v2\/media?parent=283"}],"curies":[{"name":"wp","href":"https:\/\/api.w.org\/{rel}","templated":true}]}}