{"id":282,"date":"2021-12-09T11:20:55","date_gmt":"2021-12-09T15:20:55","guid":{"rendered":"https:\/\/www.scsteel.com\/proyectos\/"},"modified":"2021-12-09T11:21:05","modified_gmt":"2021-12-09T15:21:05","slug":"proyectos","status":"publish","type":"page","link":"https:\/\/www.scsteel.com\/es\/proyectos\/","title":{"rendered":"Proyectos"},"content":{"rendered":"[vc_row type=\u00bbin_container\u00bb full_screen_row_position=\u00bbmiddle\u00bb scene_position=\u00bbcenter\u00bb text_color=\u00bbdark\u00bb text_align=\u00bbleft\u00bb top_padding=\u00bb80&#8243; overlay_strength=\u00bb0.3&#8243; shape_divider_position=\u00bbbottom\u00bb shape_type=\u00bb\u00bb][vc_column column_padding=\u00bbno-extra-padding\u00bb column_padding_position=\u00bball\u00bb background_color_opacity=\u00bb1&#8243; background_hover_color_opacity=\u00bb1&#8243; column_shadow=\u00bbnone\u00bb column_border_radius=\u00bbnone\u00bb width=\u00bb1\/1&#8243; tablet_text_alignment=\u00bbdefault\u00bb phone_text_alignment=\u00bbdefault\u00bb column_border_width=\u00bbnone\u00bb column_border_style=\u00bbsolid\u00bb][tabbed_section style=\u00bbvertical\u00bb tab_color=\u00bbExtra-Color-3&#8243;][tab icon_family=\u00bbnone\u00bb title=\u00bbPlanta Boeing 787 Dreamliner\u00bb id=\u00bb1529514939-1-94&#8243; tab_id=\u00bb1529514986052-2&#8243;][vc_column_text css=\u00bb.vc_custom_1529515156271{padding-top: 20px !important;padding-right: 20px !important;padding-bottom: 20px !important;padding-left: 20px !important;background-color: #f3f3f3 !important;}\u00bb]\n<h2 style=\"text-align: center;\">Planta de montaje del Boeing 787 Dreamliner<\/h2>\n<h3 style=\"text-align: center;\">Charleston, SC<\/h3>\n[\/vc_column_text][vc_row_inner column_margin=\u00bbdefault\u00bb text_align=\u00bbleft\u00bb][vc_column_inner column_padding=\u00bbno-extra-padding\u00bb column_padding_position=\u00bball\u00bb background_color_opacity=\u00bb1&#8243; background_hover_color_opacity=\u00bb1&#8243; column_shadow=\u00bbnone\u00bb column_border_radius=\u00bbnone\u00bb width=\u00bb1\/2&#8243; column_border_width=\u00bbnone\u00bb column_border_style=\u00bbsolid\u00bb][vc_column_text]Usando el m\u00e9todo de entrega del proyecto de dise\u00f1o \/ construcci\u00f3n, los ingenieros junto con nuestro equipo de gesti\u00f3n de proyectos, pudieron superar los criterios de dise\u00f1o del cliente y completar el acero, solo 10 meses despu\u00e9s del dise\u00f1o.<\/p>\n<ul>\n<li>18.000 toneladas de acero estructural<\/li>\n<li>636,540 pies cuadrados ft. de la plataforma del techo<\/li>\n<li>Armazones de 618 pies de largo<\/li>\n<li>10,000 pernos \/ truss usados<\/li>\n<li>Tramos claros de armadura de 460 pies<\/li>\n<li>1,283,000 pies cuadrados ft. instalaci\u00f3n<\/li>\n<\/ul>\n[\/vc_column_text][\/vc_column_inner][vc_column_inner column_padding=\u00bbno-extra-padding\u00bb column_padding_position=\u00bball\u00bb background_color_opacity=\u00bb1&#8243; background_hover_color_opacity=\u00bb1&#8243; column_shadow=\u00bbnone\u00bb column_border_radius=\u00bbnone\u00bb width=\u00bb1\/2&#8243; column_border_width=\u00bbnone\u00bb column_border_style=\u00bbsolid\u00bb][image_with_animation image_url=\u00bb109&#8243; alignment=\u00bbcenter\u00bb animation=\u00bbFade In\u00bb img_link_large=\u00bbyes\u00bb border_radius=\u00bbnone\u00bb box_shadow=\u00bbnone\u00bb max_width=\u00bb100%\u00bb][\/vc_column_inner][\/vc_row_inner][\/tab][tab icon_family=\u00bbnone\u00bb title=\u00bb174 Meeting Street\u00bb id=\u00bb1529515310172-2-10&#8243; tab_id=\u00bb1529514986052-2&#8243;][vc_column_text css=\u00bb.vc_custom_1529515330830{padding-top: 20px !important;padding-right: 20px !important;padding-bottom: 20px !important;padding-left: 20px !important;background-color: #f3f3f3 !important;}\u00bb]\n<h2 style=\"text-align: center;\">174 Meeting Street<\/h2>\n<h3 style=\"text-align: center;\">Charleston, SC<\/h3>\n[\/vc_column_text][vc_row_inner column_margin=\u00bbdefault\u00bb text_align=\u00bbleft\u00bb][vc_column_inner column_padding=\u00bbno-extra-padding\u00bb column_padding_position=\u00bball\u00bb background_color_opacity=\u00bb1&#8243; background_hover_color_opacity=\u00bb1&#8243; column_shadow=\u00bbnone\u00bb column_border_radius=\u00bbnone\u00bb width=\u00bb1\/2&#8243; column_border_width=\u00bbnone\u00bb column_border_style=\u00bbsolid\u00bb][vc_column_text]\n<p class=\"p1\"><span class=\"s1\">L<\/span> <span class=\"s2\">ocate<\/span> <span class=\"s1\">d<\/span> en histo<span class=\"s3\">ri<\/span> <span class=\"s2\">c<\/span> centro de Charleston<span class=\"s4\">,<\/span> <span class=\"s5\">17<\/span> 4 <span class=\"s1\">M<\/span> ee<span class=\"s3\">ti<\/span> <span class=\"s5\">ng<\/span> Street <span class=\"s1\">h<\/span> ad s<span class=\"s1\">om<\/span> e <span class=\"s1\">un<\/span> iq<span class=\"s1\">u<\/span> e c<span class=\"s1\">hal<\/span> <span class=\"s4\">l<\/span> enges. <span class=\"s1\">La<\/span> <span class=\"s2\">construcci\u00f3n<\/span><span class=\"s4\">estoy<\/span> <span class=\"s1\">estaba<\/span> <span class=\"s2\">posicionado<\/span> <span class=\"s2\">en<\/span> <span class=\"s1\">_<\/span> <span class=\"s2\">un<\/span> <span class=\"s4\">largo<\/span><span class=\"s4\">,<\/span> estrecho <span class=\"s2\">p<\/span> <span class=\"s1\">lo<\/span> <span class=\"s2\">t<\/span> de <span class=\"s4\">yo<\/span> un<span class=\"s1\">d<\/span> <span class=\"s3\">con<\/span> <span class=\"s4\">l<\/span> <span class=\"s1\">arg<\/span> e <span class=\"s3\">gana<\/span> <span class=\"s5\">un<\/span><span class=\"s1\">d<\/span> openi<span class=\"s1\">ngs<\/span> <span class=\"s5\">en<\/span> cada e<span class=\"s1\">nd<\/span> <span class=\"s4\">.<\/span><\/p>\n<ul>\n<li>\n<p class=\"p1\"><span class=\"s2\">4<\/span> <span class=\"s3\">-sto<\/span> <span class=\"s5\">ry<\/span> <span class=\"s2\">cl<\/span> <span class=\"s3\">ass<\/span> <span class=\"s4\">\u00ab<\/span> <span class=\"s2\">A<\/span> <span class=\"s4\">\u00ab<\/span> oficina <span class=\"s6\">comercial<\/span><\/p>\n<\/li>\n<li>\n<p class=\"p1\">52 000 s <span class=\"s2\">q<\/span> <span class=\"s5\">.<\/span> <span class=\"s2\">pies<\/span> <span class=\"s5\">_<\/span> <span class=\"s7\">de<\/span> <span class=\"s7\">espacio<\/span> de <span class=\"s6\">oficina<\/span><\/p>\n<\/li>\n<li>\n<p class=\"p1\"><span class=\"s3\">320<\/span> <span class=\"s6\">toneladas<\/span> <span class=\"s6\">de<\/span> <span class=\"s3\">acero<\/span> <span class=\"s2\">inoxidable<\/span> <span class=\"s3\">_<\/span> <span class=\"s6\">_<\/span> <span class=\"s3\">_<\/span><\/p>\n<\/li>\n<li>\n<p class=\"p1\">Marcos especiales <span class=\"s7\">arriostrados<\/span> <span class=\"s6\">conce<\/span> <span class=\"s2\">ntricamente<\/span> <span class=\"s7\">y<\/span> <span class=\"s2\">marcos<\/span> <span class=\"s3\">de<\/span> <span class=\"s6\">momentos<\/span> especiales<\/p>\n<\/li>\n<\/ul>\n[\/vc_column_text][\/vc_column_inner][vc_column_inner column_padding=\u00bbno-extra-padding\u00bb column_padding_position=\u00bball\u00bb background_color_opacity=\u00bb1&#8243; background_hover_color_opacity=\u00bb1&#8243; column_shadow=\u00bbnone\u00bb column_border_radius=\u00bbnone\u00bb width=\u00bb1\/2&#8243; column_border_width=\u00bbnone\u00bb column_border_style=\u00bbsolid\u00bb][image_with_animation image_url=\u00bb108&#8243; alignment=\u00bbcenter\u00bb animation=\u00bbFade In\u00bb img_link_large=\u00bbyes\u00bb border_radius=\u00bbnone\u00bb box_shadow=\u00bbnone\u00bb max_width=\u00bb100%\u00bb][\/vc_column_inner][\/vc_row_inner][\/tab][tab icon_family=\u00bbnone\u00bb title=\u00bbNeum\u00e1tico Yokohoma\u00bb id=\u00bb1529515453874-2-9&#8243; tab_id=\u00bb1529514986052-2&#8243;][vc_column_text css=\u00bb.vc_custom_1530560132638{padding-top: 20px !important;padding-right: 20px !important;padding-bottom: 20px !important;padding-left: 20px !important;background-color: #f3f3f3 !important;}\u00bb]\n<h2 style=\"text-align: center;\">Neum\u00e1tico de Yokohama<\/h2>\n<h3 style=\"text-align: center;\">West Point, Misisipi<\/h3>\n[\/vc_column_text][vc_row_inner column_margin=\u00bbdefault\u00bb text_align=\u00bbleft\u00bb][vc_column_inner column_padding=\u00bbno-extra-padding\u00bb column_padding_position=\u00bball\u00bb background_color_opacity=\u00bb1&#8243; background_hover_color_opacity=\u00bb1&#8243; column_shadow=\u00bbnone\u00bb column_border_radius=\u00bbnone\u00bb width=\u00bb1\/2&#8243; column_border_width=\u00bbnone\u00bb column_border_style=\u00bbsolid\u00bb][vc_column_text]\n<ul>\n<li class=\"p1\">93 <span class=\"s1\">1000<\/span> <span class=\"s2\">s<\/span> <span class=\"s1\">q.<\/span> <span class=\"s3\">pies<\/span> <span class=\"s1\">f<\/span> acilidad<\/li>\n<li class=\"p1\"><span class=\"s2\">M\u00c1S DE<\/span> <span class=\"s1\">2000<\/span> <span class=\"s1\">T<\/span> <span class=\"s5\">O<\/span> <span class=\"s1\">N<\/span> <span class=\"s2\">S<\/span> <span class=\"s2\">DE<\/span> <span class=\"s1\">ESTRUCTURA<\/span> <span class=\"s1\">ESTRUCTURAL<\/span><\/li>\n<li class=\"p1\"><span class=\"s2\">Cargas<\/span> <span class=\"s1\">de<\/span> <span class=\"s1\">piso<\/span> <span class=\"s5\">elevadas<\/span> que <span class=\"s1\">se<\/span> <span class=\"s1\">derivan<\/span> de<\/li>\n<li class=\"p1\">80 <span class=\"s2\">psi<\/span> a 6 <span class=\"s5\">1<\/span> <span class=\"s1\">4<\/span> psi<\/li>\n<li class=\"p1\"><span class=\"s5\">Gama<\/span> de <span class=\"s1\">capacidades<\/span> <span class=\"s1\">acumuladas<\/span> desde 15 <span class=\"s1\">MT<\/span> hasta <span class=\"s2\">25<\/span> M <span class=\"s1\">T<\/span><\/li>\n<li class=\"p1\">TE <span class=\"s1\">K<\/span> LA <span class=\"s2\">&#8211;<\/span> <span class=\"s5\">Dise\u00f1o<\/span> <span class=\"s1\">integrado<\/span> <span class=\"s1\">,<\/span> Det <span class=\"s2\">ail<\/span> <span class=\"s5\">B<\/span> <span class=\"s1\">IM<\/span><\/li>\n<\/ul>\n[\/vc_column_text][\/vc_column_inner][vc_column_inner column_padding=\u00bbno-extra-padding\u00bb column_padding_position=\u00bball\u00bb background_color_opacity=\u00bb1&#8243; background_hover_color_opacity=\u00bb1&#8243; column_shadow=\u00bbnone\u00bb column_border_radius=\u00bbnone\u00bb width=\u00bb1\/2&#8243; column_border_width=\u00bbnone\u00bb column_border_style=\u00bbsolid\u00bb][image_with_animation image_url=\u00bb107&#8243; alignment=\u00bbcenter\u00bb animation=\u00bbFade In\u00bb img_link_large=\u00bbyes\u00bb border_radius=\u00bbnone\u00bb box_shadow=\u00bbnone\u00bb max_width=\u00bb100%\u00bb][image_with_animation image_url=\u00bb106&#8243; alignment=\u00bbcenter\u00bb animation=\u00bbFade In\u00bb img_link_large=\u00bbyes\u00bb border_radius=\u00bbnone\u00bb box_shadow=\u00bbnone\u00bb max_width=\u00bb100%\u00bb][\/vc_column_inner][\/vc_row_inner][\/tab][tab icon_family=\u00bbnone\u00bb title=\u00bbHospital Ind\u00edgena Cherokee\u00bb id=\u00bb1532028136997-4-4&#8243; tab_id=\u00bb1529514986052-2&#8243;][vc_column_text css=\u00bb.vc_custom_1532461111356{padding-top: 20px !important;padding-right: 20px !important;padding-bottom: 20px !important;padding-left: 20px !important;background-color: #f3f3f3 !important;}\u00bb]\n<h2 style=\"text-align: center;\">Hospital Ind\u00edgena Cherokee<\/h2>\n<h3 style=\"text-align: center;\">Cherokee, Carolina del Norte<\/h3>\n[\/vc_column_text][vc_row_inner column_margin=\u00bbdefault\u00bb text_align=\u00bbleft\u00bb][vc_column_inner column_padding=\u00bbno-extra-padding\u00bb column_padding_position=\u00bball\u00bb background_color_opacity=\u00bb1&#8243; background_hover_color_opacity=\u00bb1&#8243; column_shadow=\u00bbnone\u00bb column_border_radius=\u00bbnone\u00bb width=\u00bb1\/2&#8243; column_border_width=\u00bbnone\u00bb column_border_style=\u00bbsolid\u00bb][vc_column_text]\n<ul>\n<li class=\"p1\">Edificio de oficinas m\u00e9dicas de dos pisos de aproximadamente 102,800 pies cuadrados<\/li>\n<li class=\"p1\">Centro de atenci\u00f3n al paciente de 3 pisos de aproximadamente 48,000 pies cuadrados<\/li>\n<li class=\"p1\">785 Toneladas estructurales de acero<\/li>\n<li>Entrega de proyectos integrada<\/li>\n<\/ul>\n[\/vc_column_text][\/vc_column_inner][vc_column_inner column_padding=\u00bbno-extra-padding\u00bb column_padding_position=\u00bball\u00bb background_color_opacity=\u00bb1&#8243; background_hover_color_opacity=\u00bb1&#8243; column_shadow=\u00bbnone\u00bb column_border_radius=\u00bbnone\u00bb width=\u00bb1\/2&#8243; column_border_width=\u00bbnone\u00bb column_border_style=\u00bbsolid\u00bb][image_with_animation image_url=\u00bb138&#8243; alignment=\u00bbcenter\u00bb animation=\u00bbFade In\u00bb img_link_large=\u00bbyes\u00bb border_radius=\u00bbnone\u00bb box_shadow=\u00bbnone\u00bb max_width=\u00bb100%\u00bb][image_with_animation image_url=\u00bb137&#8243; alignment=\u00bbcenter\u00bb animation=\u00bbFade In\u00bb img_link_large=\u00bbyes\u00bb border_radius=\u00bbnone\u00bb box_shadow=\u00bbnone\u00bb max_width=\u00bb100%\u00bb][\/vc_column_inner][\/vc_row_inner][\/tab][tab icon_family=\u00bbnone\u00bb title=\u00bbTransformador de potencia EFACEC, Inc.\u00bb id=\u00bb1532028223530-5-10&#8243; tab_id=\u00bb1529514986052-2&#8243;][vc_column_text css=\u00bb.vc_custom_1532028244033{padding-top: 20px !important;padding-right: 20px !important;padding-bottom: 20px !important;padding-left: 20px !important;background-color: #f3f3f3 !important;}\u00bb]\n<h2 style=\"text-align: center;\">Transformador de potencia EFACEC, Inc.<\/h2>\n<h3 style=\"text-align: center;\">Ricon, GA<\/h3>\n[\/vc_column_text][vc_row_inner column_margin=\u00bbdefault\u00bb text_align=\u00bbleft\u00bb][vc_column_inner column_padding=\u00bbno-extra-padding\u00bb column_padding_position=\u00bball\u00bb background_color_opacity=\u00bb1&#8243; background_hover_color_opacity=\u00bb1&#8243; column_shadow=\u00bbnone\u00bb column_border_radius=\u00bbnone\u00bb width=\u00bb1\/2&#8243; column_border_width=\u00bbnone\u00bb column_border_style=\u00bbsolid\u00bb][vc_column_text]\n<ul>\n<li class=\"p1\">Planta de fabricaci\u00f3n de 240.000 pies cuadrados<\/li>\n<li class=\"p1\">18,000 SF espacio de oficina<\/li>\n<li class=\"p1\">38 puentes gr\u00faa con hasta 88 toneladas de capacidad<\/li>\n<li class=\"p1\">2600 toneladas de acero estructural<\/li>\n<\/ul>\n[\/vc_column_text][\/vc_column_inner][vc_column_inner column_padding=\u00bbno-extra-padding\u00bb column_padding_position=\u00bball\u00bb background_color_opacity=\u00bb1&#8243; background_hover_color_opacity=\u00bb1&#8243; column_shadow=\u00bbnone\u00bb column_border_radius=\u00bbnone\u00bb width=\u00bb1\/2&#8243; column_border_width=\u00bbnone\u00bb column_border_style=\u00bbsolid\u00bb][image_with_animation image_url=\u00bb140&#8243; alignment=\u00bbcenter\u00bb animation=\u00bbFade In\u00bb img_link_large=\u00bbyes\u00bb border_radius=\u00bbnone\u00bb box_shadow=\u00bbnone\u00bb max_width=\u00bb100%\u00bb][image_with_animation image_url=\u00bb141&#8243; alignment=\u00bbcenter\u00bb animation=\u00bbFade In\u00bb img_link_large=\u00bbyes\u00bb border_radius=\u00bbnone\u00bb box_shadow=\u00bbnone\u00bb max_width=\u00bb100%\u00bb][\/vc_column_inner][\/vc_row_inner][\/tab][tab icon_family=\u00bbnone\u00bb title=\u00bbGulfstream Aerospace Corp.\u00bb id=\u00bb1532028344593-6-9&#8243; tab_id=\u00bb1529514986052-2&#8243;][vc_column_text css=\u00bb.vc_custom_1532028379400{padding-top: 20px !important;padding-right: 20px !important;padding-bottom: 20px !important;padding-left: 20px !important;background-color: #f3f3f3 !important;}\u00bb]\n<h2 style=\"text-align: center;\">Gulfstream Aerospace Corp.<\/h2>\n<h3 style=\"text-align: center;\">Savannah, GA<\/h3>\n[\/vc_column_text][vc_row_inner column_margin=\u00bbdefault\u00bb text_align=\u00bbleft\u00bb][vc_column_inner column_padding=\u00bbno-extra-padding\u00bb column_padding_position=\u00bball\u00bb background_color_opacity=\u00bb1&#8243; background_hover_color_opacity=\u00bb1&#8243; column_shadow=\u00bbnone\u00bb column_border_radius=\u00bbnone\u00bb width=\u00bb1\/2&#8243; column_border_width=\u00bbnone\u00bb column_border_style=\u00bbsolid\u00bb][vc_column_text]\n<ul>\n<li class=\"p1\">266,000 SF &#8211; Bah\u00eda de montaje de espacio libre de 280 &#8216;x 780&#8217;<\/li>\n<li class=\"p1\">3 pisos 68,400 pies cuadrados de oficinas y \u00e1rea de soporte<\/li>\n<li class=\"p1\">3000 toneladas de acero estructural<\/li>\n<li class=\"p1\">Se atornillaron en campo doce cerchas de 280 &#8216;de luz con 33,000 pernos<\/li>\n<\/ul>\n[\/vc_column_text][\/vc_column_inner][vc_column_inner column_padding=\u00bbno-extra-padding\u00bb column_padding_position=\u00bball\u00bb background_color_opacity=\u00bb1&#8243; background_hover_color_opacity=\u00bb1&#8243; column_shadow=\u00bbnone\u00bb column_border_radius=\u00bbnone\u00bb width=\u00bb1\/2&#8243; column_border_width=\u00bbnone\u00bb column_border_style=\u00bbsolid\u00bb][image_with_animation image_url=\u00bb142&#8243; alignment=\u00bbcenter\u00bb animation=\u00bbFade In\u00bb img_link_large=\u00bbyes\u00bb border_radius=\u00bbnone\u00bb box_shadow=\u00bbnone\u00bb max_width=\u00bb100%\u00bb][image_with_animation image_url=\u00bb143&#8243; alignment=\u00bbcenter\u00bb animation=\u00bbFade In\u00bb img_link_large=\u00bbyes\u00bb border_radius=\u00bbnone\u00bb box_shadow=\u00bbnone\u00bb max_width=\u00bb100%\u00bb][image_with_animation image_url=\u00bb144&#8243; alignment=\u00bbcenter\u00bb animation=\u00bbFade In\u00bb img_link_large=\u00bbyes\u00bb border_radius=\u00bbnone\u00bb box_shadow=\u00bbnone\u00bb max_width=\u00bb100%\u00bb][\/vc_column_inner][\/vc_row_inner][\/tab][\/tabbed_section][\/vc_column][\/vc_row]\n","protected":false},"excerpt":{"rendered":"<p>[vc_row type=\u00bbin_container\u00bb full_screen_row_position=\u00bbmiddle\u00bb scene_position=\u00bbcenter\u00bb text_color=\u00bbdark\u00bb text_align=\u00bbleft\u00bb top_padding=\u00bb80&#8243; overlay_strength=\u00bb0.3&#8243; shape_divider_position=\u00bbbottom\u00bb shape_type=\u00bb\u00bb][vc_column column_padding=\u00bbno-extra-padding\u00bb column_padding_position=\u00bball\u00bb background_color_opacity=\u00bb1&#8243; background_hover_color_opacity=\u00bb1&#8243; column_shadow=\u00bbnone\u00bb column_border_radius=\u00bbnone\u00bb width=\u00bb1\/1&#8243; tablet_text_alignment=\u00bbdefault\u00bb phone_text_alignment=\u00bbdefault\u00bb column_border_width=\u00bbnone\u00bb column_border_style=\u00bbsolid\u00bb][tabbed_section style=\u00bbvertical\u00bb tab_color=\u00bbExtra-Color-3&#8243;][tab icon_family=\u00bbnone\u00bb title=\u00bbPlanta Boeing 787 Dreamliner\u00bb id=\u00bb1529514939-1-94&#8243; tab_id=\u00bb1529514986052-2&#8243;][vc_column_text&#8230;<\/p>\n","protected":false},"author":3,"featured_media":0,"parent":0,"menu_order":0,"comment_status":"closed","ping_status":"closed","template":"","meta":{"footnotes":""},"class_list":["post-282","page","type-page","status-publish"],"yoast_head":"<!-- This site is optimized with the Yoast SEO plugin v27.3 - https:\/\/yoast.com\/product\/yoast-seo-wordpress\/ -->\n<title>Proyectos - SC Steel<\/title>\n<meta name=\"robots\" content=\"index, follow, max-snippet:-1, max-image-preview:large, max-video-preview:-1\" \/>\n<link rel=\"canonical\" href=\"https:\/\/www.scsteel.com\/projects\/\" \/>\n<meta property=\"og:locale\" content=\"es_ES\" \/>\n<meta property=\"og:type\" content=\"article\" \/>\n<meta property=\"og:title\" content=\"Proyectos - SC Steel\" \/>\n<meta property=\"og:description\" content=\"[vc_row type=\u00bbin_container\u00bb full_screen_row_position=\u00bbmiddle\u00bb scene_position=\u00bbcenter\u00bb text_color=\u00bbdark\u00bb text_align=\u00bbleft\u00bb top_padding=\u00bb80&#8243; overlay_strength=\u00bb0.3&#8243; shape_divider_position=\u00bbbottom\u00bb shape_type=\u00bb\u00bb][vc_column column_padding=\u00bbno-extra-padding\u00bb column_padding_position=\u00bball\u00bb background_color_opacity=\u00bb1&#8243; background_hover_color_opacity=\u00bb1&#8243; column_shadow=\u00bbnone\u00bb column_border_radius=\u00bbnone\u00bb width=\u00bb1\/1&#8243; tablet_text_alignment=\u00bbdefault\u00bb phone_text_alignment=\u00bbdefault\u00bb column_border_width=\u00bbnone\u00bb column_border_style=\u00bbsolid\u00bb][tabbed_section style=\u00bbvertical\u00bb tab_color=\u00bbExtra-Color-3&#8243;][tab icon_family=\u00bbnone\u00bb title=\u00bbPlanta Boeing 787 Dreamliner\u00bb id=\u00bb1529514939-1-94&#8243; tab_id=\u00bb1529514986052-2&#8243;][vc_column_text...\" \/>\n<meta property=\"og:url\" content=\"https:\/\/www.scsteel.com\/projects\/\" \/>\n<meta property=\"og:site_name\" content=\"SC Steel\" \/>\n<meta property=\"article:modified_time\" content=\"2021-12-09T15:21:05+00:00\" \/>\n<meta name=\"twitter:card\" content=\"summary_large_image\" \/>\n<meta name=\"twitter:label1\" content=\"Tiempo de lectura\" \/>\n\t<meta name=\"twitter:data1\" content=\"7 minutos\" \/>\n<script type=\"application\/ld+json\" class=\"yoast-schema-graph\">{\"@context\":\"https:\\\/\\\/schema.org\",\"@graph\":[{\"@type\":\"WebPage\",\"@id\":\"https:\\\/\\\/www.scsteel.com\\\/projects\\\/\",\"url\":\"https:\\\/\\\/www.scsteel.com\\\/projects\\\/\",\"name\":\"Proyectos - SC Steel\",\"isPartOf\":{\"@id\":\"https:\\\/\\\/www.scsteel.com\\\/#website\"},\"datePublished\":\"2021-12-09T15:20:55+00:00\",\"dateModified\":\"2021-12-09T15:21:05+00:00\",\"breadcrumb\":{\"@id\":\"https:\\\/\\\/www.scsteel.com\\\/projects\\\/#breadcrumb\"},\"inLanguage\":\"es\",\"potentialAction\":[{\"@type\":\"ReadAction\",\"target\":[\"https:\\\/\\\/www.scsteel.com\\\/projects\\\/\"]}]},{\"@type\":\"BreadcrumbList\",\"@id\":\"https:\\\/\\\/www.scsteel.com\\\/projects\\\/#breadcrumb\",\"itemListElement\":[{\"@type\":\"ListItem\",\"position\":1,\"name\":\"Home\",\"item\":\"https:\\\/\\\/www.scsteel.com\\\/\"},{\"@type\":\"ListItem\",\"position\":2,\"name\":\"Proyectos\"}]},{\"@type\":\"WebSite\",\"@id\":\"https:\\\/\\\/www.scsteel.com\\\/#website\",\"url\":\"https:\\\/\\\/www.scsteel.com\\\/\",\"name\":\"SC Steel\",\"description\":\"South Carolina Steel\",\"potentialAction\":[{\"@type\":\"SearchAction\",\"target\":{\"@type\":\"EntryPoint\",\"urlTemplate\":\"https:\\\/\\\/www.scsteel.com\\\/?s={search_term_string}\"},\"query-input\":{\"@type\":\"PropertyValueSpecification\",\"valueRequired\":true,\"valueName\":\"search_term_string\"}}],\"inLanguage\":\"es\"}]}<\/script>\n<!-- \/ Yoast SEO plugin. -->","yoast_head_json":{"title":"Proyectos - SC Steel","robots":{"index":"index","follow":"follow","max-snippet":"max-snippet:-1","max-image-preview":"max-image-preview:large","max-video-preview":"max-video-preview:-1"},"canonical":"https:\/\/www.scsteel.com\/projects\/","og_locale":"es_ES","og_type":"article","og_title":"Proyectos - SC Steel","og_description":"[vc_row type=\u00bbin_container\u00bb full_screen_row_position=\u00bbmiddle\u00bb scene_position=\u00bbcenter\u00bb text_color=\u00bbdark\u00bb text_align=\u00bbleft\u00bb top_padding=\u00bb80&#8243; overlay_strength=\u00bb0.3&#8243; shape_divider_position=\u00bbbottom\u00bb shape_type=\u00bb\u00bb][vc_column column_padding=\u00bbno-extra-padding\u00bb column_padding_position=\u00bball\u00bb background_color_opacity=\u00bb1&#8243; background_hover_color_opacity=\u00bb1&#8243; column_shadow=\u00bbnone\u00bb column_border_radius=\u00bbnone\u00bb width=\u00bb1\/1&#8243; tablet_text_alignment=\u00bbdefault\u00bb phone_text_alignment=\u00bbdefault\u00bb column_border_width=\u00bbnone\u00bb column_border_style=\u00bbsolid\u00bb][tabbed_section style=\u00bbvertical\u00bb tab_color=\u00bbExtra-Color-3&#8243;][tab icon_family=\u00bbnone\u00bb title=\u00bbPlanta Boeing 787 Dreamliner\u00bb id=\u00bb1529514939-1-94&#8243; tab_id=\u00bb1529514986052-2&#8243;][vc_column_text...","og_url":"https:\/\/www.scsteel.com\/projects\/","og_site_name":"SC Steel","article_modified_time":"2021-12-09T15:21:05+00:00","twitter_card":"summary_large_image","twitter_misc":{"Tiempo de lectura":"7 minutos"},"schema":{"@context":"https:\/\/schema.org","@graph":[{"@type":"WebPage","@id":"https:\/\/www.scsteel.com\/projects\/","url":"https:\/\/www.scsteel.com\/projects\/","name":"Proyectos - SC Steel","isPartOf":{"@id":"https:\/\/www.scsteel.com\/#website"},"datePublished":"2021-12-09T15:20:55+00:00","dateModified":"2021-12-09T15:21:05+00:00","breadcrumb":{"@id":"https:\/\/www.scsteel.com\/projects\/#breadcrumb"},"inLanguage":"es","potentialAction":[{"@type":"ReadAction","target":["https:\/\/www.scsteel.com\/projects\/"]}]},{"@type":"BreadcrumbList","@id":"https:\/\/www.scsteel.com\/projects\/#breadcrumb","itemListElement":[{"@type":"ListItem","position":1,"name":"Home","item":"https:\/\/www.scsteel.com\/"},{"@type":"ListItem","position":2,"name":"Proyectos"}]},{"@type":"WebSite","@id":"https:\/\/www.scsteel.com\/#website","url":"https:\/\/www.scsteel.com\/","name":"SC Steel","description":"South Carolina Steel","potentialAction":[{"@type":"SearchAction","target":{"@type":"EntryPoint","urlTemplate":"https:\/\/www.scsteel.com\/?s={search_term_string}"},"query-input":{"@type":"PropertyValueSpecification","valueRequired":true,"valueName":"search_term_string"}}],"inLanguage":"es"}]}},"_links":{"self":[{"href":"https:\/\/www.scsteel.com\/es\/wp-json\/wp\/v2\/pages\/282","targetHints":{"allow":["GET"]}}],"collection":[{"href":"https:\/\/www.scsteel.com\/es\/wp-json\/wp\/v2\/pages"}],"about":[{"href":"https:\/\/www.scsteel.com\/es\/wp-json\/wp\/v2\/types\/page"}],"author":[{"embeddable":true,"href":"https:\/\/www.scsteel.com\/es\/wp-json\/wp\/v2\/users\/3"}],"replies":[{"embeddable":true,"href":"https:\/\/www.scsteel.com\/es\/wp-json\/wp\/v2\/comments?post=282"}],"version-history":[{"count":14,"href":"https:\/\/www.scsteel.com\/es\/wp-json\/wp\/v2\/pages\/282\/revisions"}],"predecessor-version":[{"id":331,"href":"https:\/\/www.scsteel.com\/es\/wp-json\/wp\/v2\/pages\/282\/revisions\/331"}],"wp:attachment":[{"href":"https:\/\/www.scsteel.com\/es\/wp-json\/wp\/v2\/media?parent=282"}],"curies":[{"name":"wp","href":"https:\/\/api.w.org\/{rel}","templated":true}]}}